{"id":1355,"date":"2021-02-02T08:21:45","date_gmt":"2021-02-02T15:21:45","guid":{"rendered":"http:\/\/nocolcc.com\/about\/"},"modified":"2025-04-11T05:53:56","modified_gmt":"2025-04-11T11:53:56","slug":"about","status":"publish","type":"page","link":"https:\/\/nocolcc.com\/es\/about\/","title":{"rendered":"Sobre Nosotros"},"content":{"rendered":"<div data-elementor-type=\"wp-page\" data-elementor-id=\"1355\" class=\"elementor elementor-1355\">\n\t\t\t\t\t\t<section class=\"elementor-section elementor-top-section elementor-element elementor-element-669b7019 elementor-section-boxed elementor-section-height-default elementor-section-height-default\" data-id=\"669b7019\" data-element_type=\"section\">\n\t\t\t\t\t\t<div class=\"elementor-container elementor-column-gap-default\">\n\t\t\t\t\t<div class=\"elementor-column elementor-col-100 elementor-top-column elementor-element elementor-element-4d01d122\" data-id=\"4d01d122\" data-element_type=\"column\">\n\t\t\t<div class=\"elementor-widget-wrap elementor-element-populated\">\n\t\t\t\t\t\t<div class=\"elementor-element elementor-element-ac9fa44 elementor-widget elementor-widget-image\" data-id=\"ac9fa44\" data-element_type=\"widget\" data-widget_type=\"image.default\">\n\t\t\t\t<div class=\"elementor-widget-container\">\n\t\t\t\t\t\t\t\t\t\t\t\t\t\t\t<img fetchpriority=\"high\" decoding=\"async\" width=\"1024\" height=\"683\" src=\"https:\/\/nocolcc.com\/wp-content\/uploads\/2025\/04\/Bod-staff-1024x683.jpg\" class=\"attachment-large size-large wp-image-3138\" alt=\"\" \/>\t\t\t\t\t\t\t\t\t\t\t\t\t\t\t<\/div>\n\t\t\t\t<\/div>\n\t\t\t\t<div class=\"elementor-element elementor-element-6d51378a elementor-widget elementor-widget-text-editor\" data-id=\"6d51378a\" data-element_type=\"widget\" data-widget_type=\"text-editor.default\">\n\t\t\t\t<div class=\"elementor-widget-container\">\n\t\t\t\t\t\t\t\t\t\n<p>Nuestra organizaci\u00f3n se cre\u00f3 tras observar las grandes desigualdades del sistema entre nuestra comunidad empresarial latina y la falta de informaci\u00f3n y recursos disponibles durante la crisis de COVID 19.<\/p>\n\n\n\n<div class=\"wp-block-columns alignwide is-layout-flex wp-container-core-columns-is-layout-28f84493 wp-block-columns-is-layout-flex\">\n<div class=\"wp-block-column has-renovater-accent-background-color has-text-color has-background has-link-color wp-elements-bfde88c38d19689fc9865531f83d70cd is-layout-flow wp-block-column-is-layout-flow\" style=\"color:#000000;padding-top:2em;padding-right:2em;padding-bottom:2em;padding-left:2em\">\n<h2 class=\"wp-block-heading\" id=\"single\" style=\"font-size:40px\"><strong>Nuestra Visi\u00f3n<\/strong><\/h2>\n\n\n\n<p class=\"has-normal-font-size\" style=\"line-height:1.5\"><strong>Es elevar la voz de nuestras empresas latinas para que puedan desarrollar todo su potencial.<\/strong><\/p>\n\n\n\n<hr class=\"wp-block-separator has-text-color has-css-opacity has-background is-style-wide\" style=\"background-color:#000000;color:#000000\"\/>\n\n\n\n<ul class=\"wp-block-list\">\n<li>Buscando<strong> igualdad de oportunidades<\/strong>.<\/li>\n\n\n\n<li>Promoviendo la <strong>diversidad<\/strong>.<\/li>\n\n\n\n<li>Buscando el <strong>beneficio comun<\/strong>.<\/li>\n<\/ul>\n\n\n\n<div class=\"wp-block-buttons alignfull is-horizontal is-content-justification-center is-layout-flex wp-container-core-buttons-is-layout-03627597 wp-block-buttons-is-layout-flex\"><\/div>\n<\/div>\n\n\n\n<div class=\"wp-block-column has-luminous-vivid-orange-background-color has-text-color has-background has-link-color wp-elements-a8234601c42b9004a130558971b0c4e4 is-layout-flow wp-block-column-is-layout-flow\" style=\"color:#000000;padding-top:2em;padding-right:2em;padding-bottom:2em;padding-left:2em\">\n<h2 class=\"wp-block-heading\" id=\"family\" style=\"font-size:40px\"><strong>Nuestra Misi\u00f3n<\/strong><\/h2>\n\n\n\n<p class=\"has-normal-font-size\" style=\"line-height:1.5\"><strong>Es proporcionar un espacio para que nuestras empresas y empresarios crezcan y tengan \u00e9xito.<\/strong><\/p>\n\n\n\n<hr class=\"wp-block-separator has-css-opacity is-style-wide\"\/>\n\n\n\n<ul class=\"wp-block-list\">\n<li>.&nbsp;<strong>Construir<\/strong>&nbsp;puentes econ\u00f3micos entre las empresas hispanas y la comunidad.<\/li>\n\n\n\n<li>.&nbsp;<strong>Asistir<\/strong>&nbsp;y&nbsp;<strong>promover<\/strong>&nbsp;los intereses de nuestros miembros y de la comunidad.<\/li>\n\n\n\n<li>.&nbsp;<strong>Impulsar<\/strong>&nbsp;el desarrollo econ\u00f3mico e&nbsp;<strong>proporcionar<\/strong>&nbsp;un acceso justo y equitativo al mercado para las empresas emergentes y existentes.<\/li>\n\n\n\n<li>.&nbsp;<strong>Expandir<\/strong>&nbsp;la red de contactos profesionales. Y as\u00ed, generar oportunidades de negocio y\/o empleo.<\/li>\n<\/ul>\n\n\n\n<div class=\"wp-block-buttons alignfull is-horizontal is-content-justification-center is-layout-flex wp-container-core-buttons-is-layout-03627597 wp-block-buttons-is-layout-flex\"><\/div>\n<\/div>\n\n\n\n<div class=\"wp-block-column has-renovater-background-color has-black-background-color has-text-color has-background has-link-color wp-elements-5a2e3be662726c7d9a59f6fdf05c3ddd is-layout-flow wp-block-column-is-layout-flow\" style=\"padding-top:2em;padding-right:2em;padding-bottom:2em;padding-left:2em\">\n<h2 class=\"wp-block-heading\" id=\"patron\" style=\"font-size:40px\"><strong>Nuestras Metas<\/strong><\/h2>\n\n\n\n<p class=\"has-normal-font-size\" style=\"line-height:1.5\"><strong><strong>Es proporcionar a nuestras empresas latinas acceso a herramientas y recursos para prosperar. <\/strong><\/strong><\/p>\n\n\n\n<hr class=\"wp-block-separator has-css-opacity is-style-wide\"\/>\n\n\n\n<ul class=\"wp-block-list\">\n<li>Proveer un <strong><strong>espacio seguro para crecer.<\/strong><\/strong><\/li>\n\n\n\n<li>Proveer espacios de <strong><strong>ense\u00f1anza\/aprendizajes.<\/strong><\/strong>.<\/li>\n\n\n\n<li>Trabajar <strong>juntos<\/strong>, para los negocios y con los negocios<\/li>\n<\/ul>\n\n\n\n<div class=\"wp-block-buttons alignfull is-horizontal is-content-justification-center is-layout-flex wp-container-core-buttons-is-layout-03627597 wp-block-buttons-is-layout-flex\"><\/div>\n<\/div>\n<\/div>\n\t\t\t\t\t\t\t\t<\/div>\n\t\t\t\t<\/div>\n\t\t\t\t\t<\/div>\n\t\t<\/div>\n\t\t\t\t\t<\/div>\n\t\t<\/section>\n\t\t\t\t<section class=\"elementor-section elementor-top-section elementor-element elementor-element-5b569b90 elementor-section-full_width elementor-section-height-default elementor-section-height-default\" data-id=\"5b569b90\" data-element_type=\"section\">\n\t\t\t\t\t\t<div class=\"elementor-container elementor-column-gap-no\">\n\t\t\t\t\t<div class=\"elementor-column elementor-col-100 elementor-top-column elementor-element elementor-element-519ff588\" data-id=\"519ff588\" data-element_type=\"column\">\n\t\t\t<div class=\"elementor-widget-wrap elementor-element-populated\">\n\t\t\t\t\t\t<div class=\"elementor-element elementor-element-330b30cc elementor-widget elementor-widget-heading\" data-id=\"330b30cc\" data-element_type=\"widget\" data-widget_type=\"heading.default\">\n\t\t\t\t<div class=\"elementor-widget-container\">\n\t\t\t\t\t<h2 class=\"elementor-heading-title elementor-size-default\">Nuestro Consejo de Directivo<\/h2>\t\t\t\t<\/div>\n\t\t\t\t<\/div>\n\t\t\t\t<div class=\"elementor-element elementor-element-51af7559 elementor-widget elementor-widget-text-editor\" data-id=\"51af7559\" data-element_type=\"widget\" data-widget_type=\"text-editor.default\">\n\t\t\t\t<div class=\"elementor-widget-container\">\n\t\t\t\t\t\t\t\t\t<p>Todos los miembros del Consejo Directivo son voluntarios<\/p>\t\t\t\t\t\t\t\t<\/div>\n\t\t\t\t<\/div>\n\t\t\t\t<section class=\"elementor-section elementor-inner-section elementor-element elementor-element-6d72eda1 elementor-section-full_width elementor-section-height-default elementor-section-height-default\" data-id=\"6d72eda1\" data-element_type=\"section\">\n\t\t\t\t\t\t<div class=\"elementor-container elementor-column-gap-no\">\n\t\t\t\t\t<div class=\"elementor-column elementor-col-33 elementor-inner-column elementor-element elementor-element-2b61eda9\" data-id=\"2b61eda9\" data-element_type=\"column\">\n\t\t\t<div class=\"elementor-widget-wrap elementor-element-populated\">\n\t\t\t\t\t\t<div class=\"elementor-element elementor-element-a2618f9 elementor-position-top elementor-widget elementor-widget-image-box\" data-id=\"a2618f9\" data-element_type=\"widget\" data-widget_type=\"image-box.default\">\n\t\t\t\t<div class=\"elementor-widget-container\">\n\t\t\t\t\t<div class=\"elementor-image-box-wrapper\"><figure class=\"elementor-image-box-img\"><img decoding=\"async\" width=\"1707\" height=\"1707\" src=\"https:\/\/nocolcc.com\/wp-content\/uploads\/2025\/04\/ltravizo-scaled-e1744316003148.jpg\" class=\"elementor-animation-grow attachment-full size-full wp-image-3130\" alt=\"\" \/><\/figure><div class=\"elementor-image-box-content\"><h4 class=\"elementor-image-box-title\">Lucy Trevizo<\/h4><p class=\"elementor-image-box-description\">Chair<\/p><\/div><\/div>\t\t\t\t<\/div>\n\t\t\t\t<\/div>\n\t\t\t\t\t<\/div>\n\t\t<\/div>\n\t\t\t\t<div class=\"elementor-column elementor-col-33 elementor-inner-column elementor-element elementor-element-6fe57f12\" data-id=\"6fe57f12\" data-element_type=\"column\">\n\t\t\t<div class=\"elementor-widget-wrap elementor-element-populated\">\n\t\t\t\t\t\t<div class=\"elementor-element elementor-element-6c40e5c elementor-position-top elementor-widget elementor-widget-image-box\" data-id=\"6c40e5c\" data-element_type=\"widget\" data-widget_type=\"image-box.default\">\n\t\t\t\t<div class=\"elementor-widget-container\">\n\t\t\t\t\t<div class=\"elementor-image-box-wrapper\"><figure class=\"elementor-image-box-img\"><img decoding=\"async\" width=\"1707\" height=\"1707\" src=\"https:\/\/nocolcc.com\/wp-content\/uploads\/2025\/04\/lvarela-scaled-e1744315932881.jpg\" class=\"elementor-animation-grow attachment-full size-full wp-image-3129\" alt=\"\" \/><\/figure><div class=\"elementor-image-box-content\"><h4 class=\"elementor-image-box-title\">Lidia Varela<div style=\"text-align: center\"><span style=\"letter-spacing: 0px\"><\/span><\/div><\/h4><p class=\"elementor-image-box-description\">Chair Elect<\/p><\/div><\/div>\t\t\t\t<\/div>\n\t\t\t\t<\/div>\n\t\t\t\t\t<\/div>\n\t\t<\/div>\n\t\t\t\t<div class=\"elementor-column elementor-col-33 elementor-inner-column elementor-element elementor-element-43a9a04a\" data-id=\"43a9a04a\" data-element_type=\"column\">\n\t\t\t<div class=\"elementor-widget-wrap elementor-element-populated\">\n\t\t\t\t\t\t<div class=\"elementor-element elementor-element-553519e5 elementor-position-top elementor-widget elementor-widget-image-box\" data-id=\"553519e5\" data-element_type=\"widget\" data-widget_type=\"image-box.default\">\n\t\t\t\t<div class=\"elementor-widget-container\">\n\t\t\t\t\t<div class=\"elementor-image-box-wrapper\"><figure class=\"elementor-image-box-img\"><img loading=\"lazy\" decoding=\"async\" width=\"600\" height=\"600\" src=\"https:\/\/nocolcc.com\/wp-content\/uploads\/2025\/04\/mzuniga-scaled-e1744315839541-600x600.jpg\" class=\"elementor-animation-grow attachment-ultp_layout_square size-ultp_layout_square wp-image-3128\" alt=\"\" \/><\/figure><div class=\"elementor-image-box-content\"><h4 class=\"elementor-image-box-title\"><div style=\"text-align: center\"><span style=\"letter-spacing: 0px\">Melissa Zuniga<\/span><span style=\"letter-spacing: 0px\"><\/span><br><\/div><\/h4><p class=\"elementor-image-box-description\">Treasurer<\/p><\/div><\/div>\t\t\t\t<\/div>\n\t\t\t\t<\/div>\n\t\t\t\t\t<\/div>\n\t\t<\/div>\n\t\t\t\t\t<\/div>\n\t\t<\/section>\n\t\t\t\t<section class=\"elementor-section elementor-inner-section elementor-element elementor-element-df79f0b elementor-section-full_width elementor-section-height-default elementor-section-height-default\" data-id=\"df79f0b\" data-element_type=\"section\">\n\t\t\t\t\t\t<div class=\"elementor-container elementor-column-gap-no\">\n\t\t\t\t\t<div class=\"elementor-column elementor-col-25 elementor-inner-column elementor-element elementor-element-b59e493\" data-id=\"b59e493\" data-element_type=\"column\">\n\t\t\t<div class=\"elementor-widget-wrap elementor-element-populated\">\n\t\t\t\t\t\t<div class=\"elementor-element elementor-element-2a428ab0 elementor-position-top elementor-widget elementor-widget-image-box\" data-id=\"2a428ab0\" data-element_type=\"widget\" data-widget_type=\"image-box.default\">\n\t\t\t\t<div class=\"elementor-widget-container\">\n\t\t\t\t\t<div class=\"elementor-image-box-wrapper\"><figure class=\"elementor-image-box-img\"><img loading=\"lazy\" decoding=\"async\" width=\"600\" height=\"600\" src=\"https:\/\/nocolcc.com\/wp-content\/uploads\/2023\/03\/581B341C-DBB3-4E29-A870-2D4E80FB864F-erika-saucedo-600x600.jpeg\" class=\"elementor-animation-grow attachment-ultp_layout_square size-ultp_layout_square wp-image-2826\" alt=\"\" \/><\/figure><div class=\"elementor-image-box-content\"><h4 class=\"elementor-image-box-title\">Erika Saucedo<\/h4><p class=\"elementor-image-box-description\">Board Director<\/p><\/div><\/div>\t\t\t\t<\/div>\n\t\t\t\t<\/div>\n\t\t\t\t\t<\/div>\n\t\t<\/div>\n\t\t\t\t<div class=\"elementor-column elementor-col-25 elementor-inner-column elementor-element elementor-element-48055e2\" data-id=\"48055e2\" data-element_type=\"column\">\n\t\t\t<div class=\"elementor-widget-wrap elementor-element-populated\">\n\t\t\t\t\t\t<div class=\"elementor-element elementor-element-1c1e499 elementor-position-top elementor-widget elementor-widget-image-box\" data-id=\"1c1e499\" data-element_type=\"widget\" data-widget_type=\"image-box.default\">\n\t\t\t\t<div class=\"elementor-widget-container\">\n\t\t\t\t\t<div class=\"elementor-image-box-wrapper\"><figure class=\"elementor-image-box-img\"><img loading=\"lazy\" decoding=\"async\" width=\"600\" height=\"600\" src=\"https:\/\/nocolcc.com\/wp-content\/uploads\/2025\/04\/lcastillo-scaled-e1744314700817-600x600.jpg\" class=\"elementor-animation-grow attachment-ultp_layout_square size-ultp_layout_square wp-image-3125\" alt=\"\" \/><\/figure><div class=\"elementor-image-box-content\"><h4 class=\"elementor-image-box-title\">Lucero Castillo<\/h4><p class=\"elementor-image-box-description\">Board Director<\/p><\/div><\/div>\t\t\t\t<\/div>\n\t\t\t\t<\/div>\n\t\t\t\t\t<\/div>\n\t\t<\/div>\n\t\t\t\t<div class=\"elementor-column elementor-col-25 elementor-inner-column elementor-element elementor-element-9fd5aa8\" data-id=\"9fd5aa8\" data-element_type=\"column\">\n\t\t\t<div class=\"elementor-widget-wrap elementor-element-populated\">\n\t\t\t\t\t\t<div class=\"elementor-element elementor-element-201c86cd elementor-widget__width-initial elementor-position-top elementor-widget elementor-widget-image-box\" data-id=\"201c86cd\" data-element_type=\"widget\" data-widget_type=\"image-box.default\">\n\t\t\t\t<div class=\"elementor-widget-container\">\n\t\t\t\t\t<div class=\"elementor-image-box-wrapper\"><figure class=\"elementor-image-box-img\"><img loading=\"lazy\" decoding=\"async\" width=\"225\" height=\"253\" src=\"https:\/\/nocolcc.com\/wp-content\/uploads\/2025\/04\/desquivel-e1744316303244.png\" class=\"elementor-animation-grow attachment-full size-full wp-image-3126\" alt=\"\" \/><\/figure><div class=\"elementor-image-box-content\"><h4 class=\"elementor-image-box-title\">Drew Esquivel<\/h4><p class=\"elementor-image-box-description\">Board Director<\/p><\/div><\/div>\t\t\t\t<\/div>\n\t\t\t\t<\/div>\n\t\t\t\t\t<\/div>\n\t\t<\/div>\n\t\t\t\t<div class=\"elementor-column elementor-col-25 elementor-inner-column elementor-element elementor-element-2c40e07\" data-id=\"2c40e07\" data-element_type=\"column\">\n\t\t\t<div class=\"elementor-widget-wrap elementor-element-populated\">\n\t\t\t\t\t\t<div class=\"elementor-element elementor-element-3f5d68d elementor-position-top elementor-widget elementor-widget-image-box\" data-id=\"3f5d68d\" data-element_type=\"widget\" data-widget_type=\"image-box.default\">\n\t\t\t\t<div class=\"elementor-widget-container\">\n\t\t\t\t\t<div class=\"elementor-image-box-wrapper\"><figure class=\"elementor-image-box-img\"><img loading=\"lazy\" decoding=\"async\" width=\"600\" height=\"600\" src=\"https:\/\/nocolcc.com\/wp-content\/uploads\/2025\/04\/nmedina-scaled-e1744315671229-600x600.jpg\" class=\"elementor-animation-grow attachment-ultp_layout_square size-ultp_layout_square wp-image-3127\" alt=\"\" \/><\/figure><div class=\"elementor-image-box-content\"><h4 class=\"elementor-image-box-title\">Nikki Medina<\/h4><p class=\"elementor-image-box-description\">Board Director<\/p><\/div><\/div>\t\t\t\t<\/div>\n\t\t\t\t<\/div>\n\t\t\t\t\t<\/div>\n\t\t<\/div>\n\t\t\t\t\t<\/div>\n\t\t<\/section>\n\t\t\t\t<div class=\"elementor-element elementor-element-13485f9 elementor-widget elementor-widget-heading\" data-id=\"13485f9\" data-element_type=\"widget\" data-widget_type=\"heading.default\">\n\t\t\t\t<div class=\"elementor-widget-container\">\n\t\t\t\t\t<h2 class=\"elementor-heading-title elementor-size-default\">Nuestros asesores y empleados<\/h2>\t\t\t\t<\/div>\n\t\t\t\t<\/div>\n\t\t\t\t<section class=\"elementor-section elementor-inner-section elementor-element elementor-element-1d6da16 elementor-section-full_width elementor-section-height-default elementor-section-height-default\" data-id=\"1d6da16\" data-element_type=\"section\">\n\t\t\t\t\t\t<div class=\"elementor-container elementor-column-gap-no\">\n\t\t\t\t\t<div class=\"elementor-column elementor-col-25 elementor-inner-column elementor-element elementor-element-6689233\" data-id=\"6689233\" data-element_type=\"column\">\n\t\t\t<div class=\"elementor-widget-wrap elementor-element-populated\">\n\t\t\t\t\t\t<div class=\"elementor-element elementor-element-a402562 elementor-widget__width-initial elementor-position-top elementor-widget elementor-widget-image-box\" data-id=\"a402562\" data-element_type=\"widget\" data-widget_type=\"image-box.default\">\n\t\t\t\t<div class=\"elementor-widget-container\">\n\t\t\t\t\t<div class=\"elementor-image-box-wrapper\"><figure class=\"elementor-image-box-img\"><img loading=\"lazy\" decoding=\"async\" width=\"600\" height=\"600\" src=\"https:\/\/nocolcc.com\/wp-content\/uploads\/2023\/03\/Headshot-600x600.jpg\" class=\"elementor-animation-grow attachment-ultp_layout_square size-ultp_layout_square wp-image-2825\" alt=\"\" \/><\/figure><div class=\"elementor-image-box-content\"><h4 class=\"elementor-image-box-title\">Fede Ulbrich<\/h4><p class=\"elementor-image-box-description\">Asesor en Marketing y tecnolog\u00edas digitales <br><span style=\"font-size: smaller;color:gray\">DASHBOARD Agency<\/span><\/p><\/div><\/div>\t\t\t\t<\/div>\n\t\t\t\t<\/div>\n\t\t\t\t\t<\/div>\n\t\t<\/div>\n\t\t\t\t<div class=\"elementor-column elementor-col-25 elementor-inner-column elementor-element elementor-element-77a7b9b\" data-id=\"77a7b9b\" data-element_type=\"column\">\n\t\t\t<div class=\"elementor-widget-wrap elementor-element-populated\">\n\t\t\t\t\t\t<div class=\"elementor-element elementor-element-69c819b elementor-position-top elementor-widget elementor-widget-image-box\" data-id=\"69c819b\" data-element_type=\"widget\" data-widget_type=\"image-box.default\">\n\t\t\t\t<div class=\"elementor-widget-container\">\n\t\t\t\t\t<div class=\"elementor-image-box-wrapper\"><figure class=\"elementor-image-box-img\"><img loading=\"lazy\" decoding=\"async\" width=\"600\" height=\"600\" src=\"https:\/\/nocolcc.com\/wp-content\/uploads\/2025\/04\/jecheverria-scaled-e1744314343126-600x600.jpg\" class=\"elementor-animation-grow attachment-ultp_layout_square size-ultp_layout_square wp-image-3122\" alt=\"\" \/><\/figure><div class=\"elementor-image-box-content\"><h4 class=\"elementor-image-box-title\">Javier Echeverr\u00eda<\/h4><p class=\"elementor-image-box-description\">Asesor de negocios <br><span style=\"font-size: smaller;color:gray\">City of Fort Collins<\/span><\/p><\/div><\/div>\t\t\t\t<\/div>\n\t\t\t\t<\/div>\n\t\t\t\t\t<\/div>\n\t\t<\/div>\n\t\t\t\t<div class=\"elementor-column elementor-col-25 elementor-inner-column elementor-element elementor-element-40329f5\" data-id=\"40329f5\" data-element_type=\"column\">\n\t\t\t<div class=\"elementor-widget-wrap elementor-element-populated\">\n\t\t\t\t\t\t<div class=\"elementor-element elementor-element-69b6b9e elementor-widget__width-initial elementor-position-top elementor-widget elementor-widget-image-box\" data-id=\"69b6b9e\" data-element_type=\"widget\" data-widget_type=\"image-box.default\">\n\t\t\t\t<div class=\"elementor-widget-container\">\n\t\t\t\t\t<div class=\"elementor-image-box-wrapper\"><figure class=\"elementor-image-box-img\"><img loading=\"lazy\" decoding=\"async\" width=\"290\" height=\"290\" src=\"https:\/\/nocolcc.com\/wp-content\/uploads\/2025\/04\/ahutchinson-e1744314419526.png\" class=\"elementor-animation-grow attachment-ultp_layout_square size-ultp_layout_square wp-image-3123\" alt=\"\" \/><\/figure><div class=\"elementor-image-box-content\"><h4 class=\"elementor-image-box-title\">Ann Hutchison<\/h4><p class=\"elementor-image-box-description\">Asesor de negocios <br> <span style=\"font-size: smaller;color:gray\">Fort Collins Area <br>Chamber of Commerce<\/span><\/p><\/div><\/div>\t\t\t\t<\/div>\n\t\t\t\t<\/div>\n\t\t\t\t\t<\/div>\n\t\t<\/div>\n\t\t\t\t<div class=\"elementor-column elementor-col-25 elementor-inner-column elementor-element elementor-element-b4b9b20\" data-id=\"b4b9b20\" data-element_type=\"column\">\n\t\t\t<div class=\"elementor-widget-wrap elementor-element-populated\">\n\t\t\t\t\t\t<div class=\"elementor-element elementor-element-4be1db1 elementor-widget__width-initial elementor-position-top elementor-widget elementor-widget-image-box\" data-id=\"4be1db1\" data-element_type=\"widget\" data-widget_type=\"image-box.default\">\n\t\t\t\t<div class=\"elementor-widget-container\">\n\t\t\t\t\t<div class=\"elementor-image-box-wrapper\"><figure class=\"elementor-image-box-img\"><img loading=\"lazy\" decoding=\"async\" width=\"600\" height=\"600\" src=\"https:\/\/nocolcc.com\/wp-content\/uploads\/2025\/04\/cramos-scaled-e1744314575207-600x600.jpg\" class=\"elementor-animation-grow attachment-ultp_layout_square size-ultp_layout_square wp-image-3124\" alt=\"\" \/><\/figure><div class=\"elementor-image-box-content\"><h4 class=\"elementor-image-box-title\">Cindy Ramos<\/h4><p class=\"elementor-image-box-description\">Direcci\u00f3n ejecutiva<\/p><\/div><\/div>\t\t\t\t<\/div>\n\t\t\t\t<\/div>\n\t\t\t\t\t<\/div>\n\t\t<\/div>\n\t\t\t\t\t<\/div>\n\t\t<\/section>\n\t\t\t\t\t<\/div>\n\t\t<\/div>\n\t\t\t\t\t<\/div>\n\t\t<\/section>\n\t\t\t\t<\/div>","protected":false},"excerpt":{"rendered":"<p>Our organization was created after we observed the big system inequalities among our Latino business community and the lack of information and resources available during the COVID 19 crisis. Our Vision Is to elevate the voice of our Latino businesses so they can realize their full potential. Our Mission Is to provide a space for our businesses and entrepreneurs to grow and succeed. Our Goals Is to provide our Latino businesses access to tools and resources for thriving. Our Board of Directors All the members of the Board of Directors are volunteers Lucy Trevizo Chair Lidia Varela Chair Elect Melissa<\/p>","protected":false},"author":1,"featured_media":0,"parent":0,"menu_order":0,"comment_status":"closed","ping_status":"closed","template":"","meta":{"footnotes":""},"class_list":["post-1355","page","type-page","status-publish","hentry"],"rttpg_featured_image_url":null,"rttpg_author":{"display_name":"NoCoLCC","author_link":"https:\/\/nocolcc.com\/es\/author\/admin\/"},"rttpg_comment":0,"rttpg_category":null,"rttpg_excerpt":"Our organization was created after we observed the big system inequalities among our Latino business community and the lack of information and resources available during the COVID 19 crisis. Our Vision Is to elevate the voice of our Latino businesses so they can realize their full potential. Our Mission Is to provide a space for&hellip;","_links":{"self":[{"href":"https:\/\/nocolcc.com\/es\/wp-json\/wp\/v2\/pages\/1355","targetHints":{"allow":["GET"]}}],"collection":[{"href":"https:\/\/nocolcc.com\/es\/wp-json\/wp\/v2\/pages"}],"about":[{"href":"https:\/\/nocolcc.com\/es\/wp-json\/wp\/v2\/types\/page"}],"author":[{"embeddable":true,"href":"https:\/\/nocolcc.com\/es\/wp-json\/wp\/v2\/users\/1"}],"replies":[{"embeddable":true,"href":"https:\/\/nocolcc.com\/es\/wp-json\/wp\/v2\/comments?post=1355"}],"version-history":[{"count":130,"href":"https:\/\/nocolcc.com\/es\/wp-json\/wp\/v2\/pages\/1355\/revisions"}],"predecessor-version":[{"id":3189,"href":"https:\/\/nocolcc.com\/es\/wp-json\/wp\/v2\/pages\/1355\/revisions\/3189"}],"wp:attachment":[{"href":"https:\/\/nocolcc.com\/es\/wp-json\/wp\/v2\/media?parent=1355"}],"curies":[{"name":"wp","href":"https:\/\/api.w.org\/{rel}","templated":true}]}}