{"id":2361,"date":"2022-07-20T14:53:56","date_gmt":"2022-07-20T20:53:56","guid":{"rendered":"https:\/\/nocolcc.com\/?page_id=2361"},"modified":"2025-08-20T14:34:02","modified_gmt":"2025-08-20T20:34:02","slug":"join-us","status":"publish","type":"page","link":"https:\/\/nocolcc.com\/es\/join-us\/","title":{"rendered":"\u00danase"},"content":{"rendered":"<div data-elementor-type=\"wp-page\" data-elementor-id=\"2361\" class=\"elementor elementor-2361\">\n\t\t\t\t\t\t<section class=\"elementor-section elementor-top-section elementor-element elementor-element-a794e59 elementor-section-boxed elementor-section-height-default elementor-section-height-default\" data-id=\"a794e59\" data-element_type=\"section\">\n\t\t\t\t\t\t<div class=\"elementor-container elementor-column-gap-default\">\n\t\t\t\t\t<div class=\"elementor-column elementor-col-100 elementor-top-column elementor-element elementor-element-f0e6d3a\" data-id=\"f0e6d3a\" data-element_type=\"column\">\n\t\t\t<div class=\"elementor-widget-wrap elementor-element-populated\">\n\t\t\t\t\t\t<div class=\"elementor-element elementor-element-5247515 elementor-widget elementor-widget-heading\" data-id=\"5247515\" data-element_type=\"widget\" data-widget_type=\"heading.default\">\n\t\t\t\t<div class=\"elementor-widget-container\">\n\t\t\t\t\t<h2 class=\"elementor-heading-title elementor-size-default\"><p data-pm-slice=\"1 1 []\" style=\"font-weight: 400\">Join our business community and access exclusive benefits designed to boost your company's growth. Explore the different membership levels and choose the one that best suits your needs.<\/p><\/h2>\t\t\t\t<\/div>\n\t\t\t\t<\/div>\n\t\t\t\t\t<\/div>\n\t\t<\/div>\n\t\t\t\t\t<\/div>\n\t\t<\/section>\n\t\t\t\t<section class=\"elementor-section elementor-top-section elementor-element elementor-element-e75516c elementor-section-content-middle elementor-section-boxed elementor-section-height-default elementor-section-height-default\" data-id=\"e75516c\" data-element_type=\"section\">\n\t\t\t\t\t\t<div class=\"elementor-container elementor-column-gap-no\">\n\t\t\t\t\t<div class=\"elementor-column elementor-col-50 elementor-top-column elementor-element elementor-element-c7d860b\" data-id=\"c7d860b\" data-element_type=\"column\">\n\t\t\t<div class=\"elementor-widget-wrap elementor-element-populated\">\n\t\t\t\t\t\t<div class=\"elementor-element elementor-element-9eb81f7 elementor-widget elementor-widget-heading\" data-id=\"9eb81f7\" data-element_type=\"widget\" data-widget_type=\"heading.default\">\n\t\t\t\t<div class=\"elementor-widget-container\">\n\t\t\t\t\t<h2 class=\"elementor-heading-title elementor-size-default\">\u00a1Sea miembro hoy mismo!<\/h2>\t\t\t\t<\/div>\n\t\t\t\t<\/div>\n\t\t\t\t\t<\/div>\n\t\t<\/div>\n\t\t\t\t<div class=\"elementor-column elementor-col-50 elementor-top-column elementor-element elementor-element-630fce6\" data-id=\"630fce6\" data-element_type=\"column\">\n\t\t\t<div class=\"elementor-widget-wrap elementor-element-populated\">\n\t\t\t\t\t\t<div class=\"elementor-element elementor-element-50cbd1f elementor-align-right elementor-mobile-align-left elementor-widget elementor-widget-button\" data-id=\"50cbd1f\" data-element_type=\"widget\" data-widget_type=\"button.default\">\n\t\t\t\t<div class=\"elementor-widget-container\">\n\t\t\t\t\t\t\t\t\t<div class=\"elementor-button-wrapper\">\n\t\t\t\t\t<a class=\"elementor-button elementor-button-link elementor-size-sm elementor-animation-grow\" href=\"https:\/\/web.nocolcc.com\/forms\/5\" target=\"_blank\">\n\t\t\t\t\t\t<span class=\"elementor-button-content-wrapper\">\n\t\t\t\t\t\t\t\t\t<span class=\"elementor-button-text\">Quiero ser miembro<\/span>\n\t\t\t\t\t<\/span>\n\t\t\t\t\t<\/a>\n\t\t\t\t<\/div>\n\t\t\t\t\t\t\t\t<\/div>\n\t\t\t\t<\/div>\n\t\t\t\t\t<\/div>\n\t\t<\/div>\n\t\t\t\t\t<\/div>\n\t\t<\/section>\n\t\t\t\t<section class=\"elementor-section elementor-top-section elementor-element elementor-element-3d6e2594 elementor-section-full_width elementor-section-content-middle elementor-reverse-tablet elementor-reverse-mobile elementor-section-height-default elementor-section-height-default\" data-id=\"3d6e2594\" data-element_type=\"section\">\n\t\t\t\t\t\t<div class=\"elementor-container elementor-column-gap-no\">\n\t\t\t\t\t<div class=\"elementor-column elementor-col-50 elementor-top-column elementor-element elementor-element-6b9d4fce\" data-id=\"6b9d4fce\" data-element_type=\"column\">\n\t\t\t<div class=\"elementor-widget-wrap elementor-element-populated\">\n\t\t\t\t\t\t<div class=\"elementor-element elementor-element-1f6eab21 elementor-widget elementor-widget-text-editor\" data-id=\"1f6eab21\" data-element_type=\"widget\" data-widget_type=\"text-editor.default\">\n\t\t\t\t<div class=\"elementor-widget-container\">\n\t\t\t\t\t\t\t\t\t<p>Comunidad que apoya la inclusi\u00f3n<\/p>\t\t\t\t\t\t\t\t<\/div>\n\t\t\t\t<\/div>\n\t\t\t\t<div class=\"elementor-element elementor-element-1a895e3a elementor-widget elementor-widget-heading\" data-id=\"1a895e3a\" data-element_type=\"widget\" data-widget_type=\"heading.default\">\n\t\t\t\t<div class=\"elementor-widget-container\">\n\t\t\t\t\t<p class=\"elementor-heading-title elementor-size-default\">$75<\/p>\t\t\t\t<\/div>\n\t\t\t\t<\/div>\n\t\t\t\t<div class=\"elementor-element elementor-element-5c731364 elementor-widget-divider--view-line elementor-widget elementor-widget-divider\" data-id=\"5c731364\" data-element_type=\"widget\" data-widget_type=\"divider.default\">\n\t\t\t\t<div class=\"elementor-widget-container\">\n\t\t\t\t\t\t\t<div class=\"elementor-divider\">\n\t\t\t<span class=\"elementor-divider-separator\">\n\t\t\t\t\t\t<\/span>\n\t\t<\/div>\n\t\t\t\t\t\t<\/div>\n\t\t\t\t<\/div>\n\t\t\t\t\t<\/div>\n\t\t<\/div>\n\t\t\t\t<div class=\"elementor-column elementor-col-50 elementor-top-column elementor-element elementor-element-1321597e\" data-id=\"1321597e\" data-element_type=\"column\">\n\t\t\t<div class=\"elementor-widget-wrap elementor-element-populated\">\n\t\t\t\t\t\t<div class=\"elementor-element elementor-element-f6a2850 elementor-widget__width-initial elementor-widget elementor-widget-text-editor\" data-id=\"f6a2850\" data-element_type=\"widget\" data-widget_type=\"text-editor.default\">\n\t\t\t\t<div class=\"elementor-widget-container\">\n\t\t\t\t\t\t\t\t\t<p>Nuestro nivel de Membres\u00eda Comunidad es para peque\u00f1as empresas, profesionales, miembros de la comunidad o cualquier persona que desee afiliarse a la C\u00e1mara de Comercio Latina de NoCo.<br \/>Al unirte a la C\u00e1mara Latina a nivel de Comunidad, recibes:<\/p>\n<ul>\n<li>Membres\u00eda individual a la C\u00e1mara de Comercio Latina de NoCo<\/li>\n<li>Entrada gratuita a nuestros eventos educativos<\/li>\n<li>Entrada gratuita a nuestros eventos de networking<\/li>\n<li>Inclusi\u00f3n gratuita de su empresa en el sitio web de NoCo Latino<\/li>\n<li>Descuento de $75 para solicitar la membres\u00eda a la C\u00e1mara de Comercio del \u00c1rea de Fort Collins<\/li>\n<li>Kit de bienvenida<\/li>\n<\/ul>\t\t\t\t\t\t\t\t<\/div>\n\t\t\t\t<\/div>\n\t\t\t\t\t<\/div>\n\t\t<\/div>\n\t\t\t\t\t<\/div>\n\t\t<\/section>\n\t\t\t\t<section class=\"elementor-section elementor-top-section elementor-element elementor-element-9df2745 elementor-section-full_width elementor-section-content-middle elementor-section-height-default elementor-section-height-default\" data-id=\"9df2745\" data-element_type=\"section\">\n\t\t\t\t\t\t<div class=\"elementor-container elementor-column-gap-no\">\n\t\t\t\t\t<div class=\"elementor-column elementor-col-50 elementor-top-column elementor-element elementor-element-4f26209\" data-id=\"4f26209\" data-element_type=\"column\">\n\t\t\t<div class=\"elementor-widget-wrap elementor-element-populated\">\n\t\t\t\t\t\t<div class=\"elementor-element elementor-element-b6fa1c4 elementor-widget__width-initial elementor-widget elementor-widget-text-editor\" data-id=\"b6fa1c4\" data-element_type=\"widget\" data-widget_type=\"text-editor.default\">\n\t\t\t\t<div class=\"elementor-widget-container\">\n\t\t\t\t\t\t\t\t\t<p>Nuestro nivel de membres\u00eda Empresario es para peque\u00f1as empresas, profesionales, miembros de la comunidad o cualquier persona que desee ser miembro de la C\u00e1mara de Comercio Latina de NoCo y tener la oportunidad de ser presentador de\nprogramas.<br \/>Al unirse a la C\u00e1mara Latina con el nivel Empresario, usted recibe:<\/p>\n<ul>\n<li>Membres\u00eda a la C\u00e1mara de Comercio Latina de NoCo para toda su organizaci\u00f3n<\/li>\n<li>Entrada gratuita a nuestros eventos educativos<\/li>\n<li>Entrada gratuita a nuestros eventos de networking<\/li>\n<li>Inclusi\u00f3n gratuita de su empresa en el sitio web de NoCo Latino<\/li>\n<li>Posibilidad de ser presentador destacado en ciertos eventos de la C\u00e1mara de Comercio Latina de NoCo<\/li>\n<li>Descuento de $100 para solicitar la membres\u00eda de la C\u00e1mara de Comercio del \u00c1rea de Fort Collins<\/li>\n<li>Presentaci\u00f3n de su empresa en redes sociales<\/li>\n<li>Reconocimiento de logotipo en eventos<\/li>\n<li>Servicios de traducci\u00f3n y una consulta gratuita con el profesional de su elecci\u00f3n<\/li>\n<li>Kit de bienvenida<\/li>\n<\/ul>\t\t\t\t\t\t\t\t<\/div>\n\t\t\t\t<\/div>\n\t\t\t\t\t<\/div>\n\t\t<\/div>\n\t\t\t\t<div class=\"elementor-column elementor-col-50 elementor-top-column elementor-element elementor-element-7601303\" data-id=\"7601303\" data-element_type=\"column\">\n\t\t\t<div class=\"elementor-widget-wrap elementor-element-populated\">\n\t\t\t\t\t\t<div class=\"elementor-element elementor-element-95ebeaf elementor-widget elementor-widget-text-editor\" data-id=\"95ebeaf\" data-element_type=\"widget\" data-widget_type=\"text-editor.default\">\n\t\t\t\t<div class=\"elementor-widget-container\">\n\t\t\t\t\t\t\t\t\t<p class=\"p1\">Emprendedor que empodera a las empresas<\/p>\t\t\t\t\t\t\t\t<\/div>\n\t\t\t\t<\/div>\n\t\t\t\t<div class=\"elementor-element elementor-element-dc0db47 elementor-widget elementor-widget-heading\" data-id=\"dc0db47\" data-element_type=\"widget\" data-widget_type=\"heading.default\">\n\t\t\t\t<div class=\"elementor-widget-container\">\n\t\t\t\t\t<p class=\"elementor-heading-title elementor-size-default\">$100<\/p>\t\t\t\t<\/div>\n\t\t\t\t<\/div>\n\t\t\t\t<div class=\"elementor-element elementor-element-dc5d192 elementor-widget-divider--view-line elementor-widget elementor-widget-divider\" data-id=\"dc5d192\" data-element_type=\"widget\" data-widget_type=\"divider.default\">\n\t\t\t\t<div class=\"elementor-widget-container\">\n\t\t\t\t\t\t\t<div class=\"elementor-divider\">\n\t\t\t<span class=\"elementor-divider-separator\">\n\t\t\t\t\t\t<\/span>\n\t\t<\/div>\n\t\t\t\t\t\t<\/div>\n\t\t\t\t<\/div>\n\t\t\t\t\t<\/div>\n\t\t<\/div>\n\t\t\t\t\t<\/div>\n\t\t<\/section>\n\t\t\t\t<section class=\"elementor-section elementor-top-section elementor-element elementor-element-22fa147 elementor-section-full_width elementor-section-content-middle elementor-reverse-tablet elementor-reverse-mobile elementor-section-height-default elementor-section-height-default\" data-id=\"22fa147\" data-element_type=\"section\">\n\t\t\t\t\t\t<div class=\"elementor-container elementor-column-gap-no\">\n\t\t\t\t\t<div class=\"elementor-column elementor-col-50 elementor-top-column elementor-element elementor-element-50c88db\" data-id=\"50c88db\" data-element_type=\"column\">\n\t\t\t<div class=\"elementor-widget-wrap elementor-element-populated\">\n\t\t\t\t\t\t<div class=\"elementor-element elementor-element-20f07aa elementor-widget__width-initial elementor-widget elementor-widget-text-editor\" data-id=\"20f07aa\" data-element_type=\"widget\" data-widget_type=\"text-editor.default\">\n\t\t\t\t<div class=\"elementor-widget-container\">\n\t\t\t\t\t\t\t\t\t<p class=\"p1\">Campe\u00f3n liderando <br \/>el camino<\/p>\t\t\t\t\t\t\t\t<\/div>\n\t\t\t\t<\/div>\n\t\t\t\t<div class=\"elementor-element elementor-element-04fe48e elementor-widget elementor-widget-heading\" data-id=\"04fe48e\" data-element_type=\"widget\" data-widget_type=\"heading.default\">\n\t\t\t\t<div class=\"elementor-widget-container\">\n\t\t\t\t\t<p class=\"elementor-heading-title elementor-size-default\">$150<\/p>\t\t\t\t<\/div>\n\t\t\t\t<\/div>\n\t\t\t\t<div class=\"elementor-element elementor-element-0b53665 elementor-widget-divider--view-line elementor-widget elementor-widget-divider\" data-id=\"0b53665\" data-element_type=\"widget\" data-widget_type=\"divider.default\">\n\t\t\t\t<div class=\"elementor-widget-container\">\n\t\t\t\t\t\t\t<div class=\"elementor-divider\">\n\t\t\t<span class=\"elementor-divider-separator\">\n\t\t\t\t\t\t<\/span>\n\t\t<\/div>\n\t\t\t\t\t\t<\/div>\n\t\t\t\t<\/div>\n\t\t\t\t\t<\/div>\n\t\t<\/div>\n\t\t\t\t<div class=\"elementor-column elementor-col-50 elementor-top-column elementor-element elementor-element-4f67dc8\" data-id=\"4f67dc8\" data-element_type=\"column\">\n\t\t\t<div class=\"elementor-widget-wrap elementor-element-populated\">\n\t\t\t\t\t\t<div class=\"elementor-element elementor-element-cb10251 elementor-widget__width-initial elementor-widget elementor-widget-text-editor\" data-id=\"cb10251\" data-element_type=\"widget\" data-widget_type=\"text-editor.default\">\n\t\t\t\t<div class=\"elementor-widget-container\">\n\t\t\t\t\t\t\t\t\t<p>Nuestro nivel de membres\u00eda Campe\u00f3n es para peque\u00f1as empresas, profesionales, miembros de la comunidad o cualquier persona que desee ser miembro de la C\u00e1mara de Comercio Latina de NoCo y tener la oportunidad de ser presentador de\nprogramas.<br \/>Al unirse a la C\u00e1mara Latina como Campe\u00f3n, recibir\u00e1:<\/p>\n<ul>\n<li>Membres\u00eda a la C\u00e1mara de Comercio Latina de NoCo para toda su organizaci\u00f3n<\/li>\n<li>Entrada gratuita a nuestros eventos educativos<\/li>\n<li>Entrada gratuita a nuestros eventos de networking<\/li>\n<li>Inclusi\u00f3n gratuita de su empresa en el sitio web de NoCo Latino<\/li>\n<li>Posibilidad de ser presentador destacado en ciertos eventos de la C\u00e1mara de Comercio Latina de NoCo<\/li>\n<li>Descuento de $150 para solicitar la membres\u00eda de la C\u00e1mara de Comercio del \u00c1rea de Fort Collins<\/li>\n<li>Presentaci\u00f3n de su empresa en redes sociales<\/li>\n<li>Reconocimiento de logotipo en eventos<\/li>\n<li>Inclusi\u00f3n gratuita de su empresa en el sitio web de NoCo Latino<\/li>\n<li>Servicios de traducci\u00f3n y una consulta gratuita con el profesional de su elecci\u00f3n<\/li>\n<li>Kit de bienvenida<\/li>\n<\/ul>\t\t\t\t\t\t\t\t<\/div>\n\t\t\t\t<\/div>\n\t\t\t\t\t<\/div>\n\t\t<\/div>\n\t\t\t\t\t<\/div>\n\t\t<\/section>\n\t\t\t\t<section class=\"elementor-section elementor-top-section elementor-element elementor-element-b713259 elementor-section-full_width elementor-section-content-middle elementor-section-height-default elementor-section-height-default\" data-id=\"b713259\" data-element_type=\"section\">\n\t\t\t\t\t\t<div class=\"elementor-container elementor-column-gap-no\">\n\t\t\t\t\t<div class=\"elementor-column elementor-col-50 elementor-top-column elementor-element elementor-element-992c9b1\" data-id=\"992c9b1\" data-element_type=\"column\">\n\t\t\t<div class=\"elementor-widget-wrap elementor-element-populated\">\n\t\t\t\t\t\t<div class=\"elementor-element elementor-element-b4a5bc0 elementor-widget__width-initial elementor-widget elementor-widget-text-editor\" data-id=\"b4a5bc0\" data-element_type=\"widget\" data-widget_type=\"text-editor.default\">\n\t\t\t\t<div class=\"elementor-widget-container\">\n\t\t\t\t\t\t\t\t\t<p>Nuestro Patrocinio Visionario Pionero le brinda la oportunidad de afiliarse y patrocinar la C\u00e1mara de Comercio NoCo Latino. Al patrocinar en el Nivel Visionario Pionero, recibir\u00e1:<\/p>\n<ul>\n<li>Membres\u00eda a la C\u00e1mara de Comercio Latina de NoCo para toda su organizaci\u00f3n<\/li>\n<li>Entrada gratuita a nuestros eventos educativos y de networking<\/li>\n<li>Inclusi\u00f3n gratuita de su empresa en el sitio web de NoCo Latino<\/li>\n<li>Posibilidad de ser presentador destacado en ciertos eventos de la C\u00e1mara de Comercio Latina de NoCo<\/li>\n<li>Anuncio publicitario destacado en el sitio web de NoCo Latino<\/li>\n<li>Presentaci\u00f3n de su empresa en redes sociales<\/li>\n<li>Servicios de traducci\u00f3n y una consulta gratuita con el profesional de su elecci\u00f3n<\/li>\n<li>Kit de Patrocinio<\/li>\n<\/ul>\t\t\t\t\t\t\t\t<\/div>\n\t\t\t\t<\/div>\n\t\t\t\t\t<\/div>\n\t\t<\/div>\n\t\t\t\t<div class=\"elementor-column elementor-col-50 elementor-top-column elementor-element elementor-element-07b417a\" data-id=\"07b417a\" data-element_type=\"column\">\n\t\t\t<div class=\"elementor-widget-wrap elementor-element-populated\">\n\t\t\t\t\t\t<div class=\"elementor-element elementor-element-c07496e elementor-widget elementor-widget-text-editor\" data-id=\"c07496e\" data-element_type=\"widget\" data-widget_type=\"text-editor.default\">\n\t\t\t\t<div class=\"elementor-widget-container\">\n\t\t\t\t\t\t\t\t\t<p class=\"p1\">Patrocinador visionario pionero<\/p>\t\t\t\t\t\t\t\t<\/div>\n\t\t\t\t<\/div>\n\t\t\t\t<div class=\"elementor-element elementor-element-3be7d9f elementor-widget elementor-widget-heading\" data-id=\"3be7d9f\" data-element_type=\"widget\" data-widget_type=\"heading.default\">\n\t\t\t\t<div class=\"elementor-widget-container\">\n\t\t\t\t\t<p class=\"elementor-heading-title elementor-size-default\">$1500<\/p>\t\t\t\t<\/div>\n\t\t\t\t<\/div>\n\t\t\t\t<div class=\"elementor-element elementor-element-2b6039a elementor-widget-divider--view-line elementor-widget elementor-widget-divider\" data-id=\"2b6039a\" data-element_type=\"widget\" data-widget_type=\"divider.default\">\n\t\t\t\t<div class=\"elementor-widget-container\">\n\t\t\t\t\t\t\t<div class=\"elementor-divider\">\n\t\t\t<span class=\"elementor-divider-separator\">\n\t\t\t\t\t\t<\/span>\n\t\t<\/div>\n\t\t\t\t\t\t<\/div>\n\t\t\t\t<\/div>\n\t\t\t\t\t<\/div>\n\t\t<\/div>\n\t\t\t\t\t<\/div>\n\t\t<\/section>\n\t\t\t\t<section class=\"elementor-section elementor-top-section elementor-element elementor-element-d57e23d elementor-section-content-middle elementor-section-boxed elementor-section-height-default elementor-section-height-default\" data-id=\"d57e23d\" data-element_type=\"section\">\n\t\t\t\t\t\t<div class=\"elementor-container elementor-column-gap-no\">\n\t\t\t\t\t<div class=\"elementor-column elementor-col-50 elementor-top-column elementor-element elementor-element-1cbb8d8\" data-id=\"1cbb8d8\" data-element_type=\"column\">\n\t\t\t<div class=\"elementor-widget-wrap elementor-element-populated\">\n\t\t\t\t\t\t<div class=\"elementor-element elementor-element-e42e7c5 elementor-widget elementor-widget-heading\" data-id=\"e42e7c5\" data-element_type=\"widget\" data-widget_type=\"heading.default\">\n\t\t\t\t<div class=\"elementor-widget-container\">\n\t\t\t\t\t<h2 class=\"elementor-heading-title elementor-size-default\">\u00a1Sea miembro hoy mismo!<\/h2>\t\t\t\t<\/div>\n\t\t\t\t<\/div>\n\t\t\t\t\t<\/div>\n\t\t<\/div>\n\t\t\t\t<div class=\"elementor-column elementor-col-50 elementor-top-column elementor-element elementor-element-2623d87\" data-id=\"2623d87\" data-element_type=\"column\">\n\t\t\t<div class=\"elementor-widget-wrap elementor-element-populated\">\n\t\t\t\t\t\t<div class=\"elementor-element elementor-element-fc45364 elementor-align-right elementor-mobile-align-left elementor-widget elementor-widget-button\" data-id=\"fc45364\" data-element_type=\"widget\" data-widget_type=\"button.default\">\n\t\t\t\t<div class=\"elementor-widget-container\">\n\t\t\t\t\t\t\t\t\t<div class=\"elementor-button-wrapper\">\n\t\t\t\t\t<a class=\"elementor-button elementor-button-link elementor-size-sm elementor-animation-grow\" href=\"https:\/\/web.nocolcc.com\/forms\/5\" target=\"_blank\">\n\t\t\t\t\t\t<span class=\"elementor-button-content-wrapper\">\n\t\t\t\t\t\t\t\t\t<span class=\"elementor-button-text\">Quiero ser miembro<\/span>\n\t\t\t\t\t<\/span>\n\t\t\t\t\t<\/a>\n\t\t\t\t<\/div>\n\t\t\t\t\t\t\t\t<\/div>\n\t\t\t\t<\/div>\n\t\t\t\t\t<\/div>\n\t\t<\/div>\n\t\t\t\t\t<\/div>\n\t\t<\/section>\n\t\t\t\t<\/div>","protected":false},"excerpt":{"rendered":"<p>Join our business community and access exclusive benefits designed to boost your company&#8217;s growth. Explore the different membership levels and choose the one that best suits your needs. Become a member today! I want to be a member Community Supporting Inclusion $75 Our Community Membership level is for small businesses, professionals, community members, or any individual who would like to become a member of the NoCo Latino Chamber.By joining the Latino Chamber at the Comunidad level, you receive: A membership to the NoCo Latino Chamber (Individual) Free Admission to our educational events Free admission to our networking events Free business<\/p>","protected":false},"author":1,"featured_media":2446,"parent":0,"menu_order":0,"comment_status":"closed","ping_status":"closed","template":"","meta":{"footnotes":""},"class_list":["post-2361","page","type-page","status-publish","has-post-thumbnail","hentry"],"rttpg_featured_image_url":{"full":["https:\/\/nocolcc.com\/wp-content\/uploads\/2022\/08\/Latino_Event24-2-scaled.jpg",2560,1707,false],"landscape":["https:\/\/nocolcc.com\/wp-content\/uploads\/2022\/08\/Latino_Event24-2-scaled.jpg",2560,1707,false],"portraits":["https:\/\/nocolcc.com\/wp-content\/uploads\/2022\/08\/Latino_Event24-2-scaled.jpg",2560,1707,false],"thumbnail":["https:\/\/nocolcc.com\/wp-content\/uploads\/2022\/08\/Latino_Event24-2-150x150.jpg",150,150,true],"medium":["https:\/\/nocolcc.com\/wp-content\/uploads\/2022\/08\/Latino_Event24-2-300x200.jpg",300,200,true],"large":["https:\/\/nocolcc.com\/wp-content\/uploads\/2022\/08\/Latino_Event24-2-1024x683.jpg",1024,683,true],"1536x1536":["https:\/\/nocolcc.com\/wp-content\/uploads\/2022\/08\/Latino_Event24-2-1536x1024.jpg",1536,1024,true],"2048x2048":["https:\/\/nocolcc.com\/wp-content\/uploads\/2022\/08\/Latino_Event24-2-2048x1365.jpg",2048,1365,true],"trp-custom-language-flag":["https:\/\/nocolcc.com\/wp-content\/uploads\/2022\/08\/Latino_Event24-2-scaled.jpg",18,12,false],"ultp_layout_landscape_large":["https:\/\/nocolcc.com\/wp-content\/uploads\/2022\/08\/Latino_Event24-2-1200x800.jpg",1200,800,true],"ultp_layout_landscape":["https:\/\/nocolcc.com\/wp-content\/uploads\/2022\/08\/Latino_Event24-2-870x570.jpg",870,570,true],"ultp_layout_portrait":["https:\/\/nocolcc.com\/wp-content\/uploads\/2022\/08\/Latino_Event24-2-600x900.jpg",600,900,true],"ultp_layout_square":["https:\/\/nocolcc.com\/wp-content\/uploads\/2022\/08\/Latino_Event24-2-600x600.jpg",600,600,true]},"rttpg_author":{"display_name":"NoCoLCC","author_link":"https:\/\/nocolcc.com\/es\/author\/admin\/"},"rttpg_comment":0,"rttpg_category":null,"rttpg_excerpt":"Join our business community and access exclusive benefits designed to boost your company&#8217;s growth. Explore the different membership levels and choose the one that best suits your needs. Become a member today! I want to be a member Community Supporting Inclusion $75 Our Community Membership level is for small businesses, professionals, community members, or any&hellip;","_links":{"self":[{"href":"https:\/\/nocolcc.com\/es\/wp-json\/wp\/v2\/pages\/2361","targetHints":{"allow":["GET"]}}],"collection":[{"href":"https:\/\/nocolcc.com\/es\/wp-json\/wp\/v2\/pages"}],"about":[{"href":"https:\/\/nocolcc.com\/es\/wp-json\/wp\/v2\/types\/page"}],"author":[{"embeddable":true,"href":"https:\/\/nocolcc.com\/es\/wp-json\/wp\/v2\/users\/1"}],"replies":[{"embeddable":true,"href":"https:\/\/nocolcc.com\/es\/wp-json\/wp\/v2\/comments?post=2361"}],"version-history":[{"count":27,"href":"https:\/\/nocolcc.com\/es\/wp-json\/wp\/v2\/pages\/2361\/revisions"}],"predecessor-version":[{"id":3253,"href":"https:\/\/nocolcc.com\/es\/wp-json\/wp\/v2\/pages\/2361\/revisions\/3253"}],"wp:featuredmedia":[{"embeddable":true,"href":"https:\/\/nocolcc.com\/es\/wp-json\/wp\/v2\/media\/2446"}],"wp:attachment":[{"href":"https:\/\/nocolcc.com\/es\/wp-json\/wp\/v2\/media?parent=2361"}],"curies":[{"name":"wp","href":"https:\/\/api.w.org\/{rel}","templated":true}]}}